{"id":9836,"date":"2021-08-30T09:16:55","date_gmt":"2021-08-30T09:16:55","guid":{"rendered":"https:\/\/nomads4x4.staging.seodev.agency\/?page_id=9836"},"modified":"2026-02-13T12:11:59","modified_gmt":"2026-02-13T12:11:59","slug":"angebot","status":"publish","type":"page","link":"https:\/\/nomads4x4.eu\/de\/angebot\/","title":{"rendered":"Angebot"},"content":{"rendered":"\t\t<div data-elementor-type=\"wp-page\" data-elementor-id=\"9836\" class=\"elementor elementor-9836 elementor-2304\" data-elementor-post-type=\"page\">\n\t\t\t\t\t\t<section class=\"elementor-section elementor-top-section elementor-element elementor-element-393d68d elementor-section-stretched elementor-section-boxed elementor-section-height-default elementor-section-height-default\" data-id=\"393d68d\" data-element_type=\"section\" data-e-type=\"section\" data-settings=\"{&quot;stretch_section&quot;:&quot;section-stretched&quot;}\">\n\t\t\t\t\t\t<div class=\"elementor-container elementor-column-gap-no\">\n\t\t\t\t\t<div class=\"elementor-column elementor-col-100 elementor-top-column elementor-element elementor-element-849b8d8\" data-id=\"849b8d8\" data-element_type=\"column\" data-e-type=\"column\">\n\t\t\t<div class=\"elementor-widget-wrap elementor-element-populated\">\n\t\t\t\t\t\t<div class=\"elementor-element elementor-element-09e22da elementor-widget elementor-widget-heading\" data-id=\"09e22da\" data-element_type=\"widget\" data-e-type=\"widget\" data-widget_type=\"heading.default\">\n\t\t\t\t\t<h2 class=\"elementor-heading-title elementor-size-default\">Nachfolgend finden Sie eine Liste aller unserer Angebote<\/h2>\t\t\t\t<\/div>\n\t\t\t\t<div class=\"elementor-element elementor-element-e1f92dc elementor-widget elementor-widget-text-editor\" data-id=\"e1f92dc\" data-element_type=\"widget\" data-e-type=\"widget\" data-widget_type=\"text-editor.default\">\n\t\t\t\t\t\t\t\t\t<p><div class=\"activities-filter\"><button class=\"active\" data-country=\"all\">ALLE<\/button><button data-country=\"armenia\">Armenien<\/button><button data-country=\"costa-rica\">Costa Rica<\/button><button data-country=\"georgien\">Georgien<\/button><button data-country=\"kirgisistan\">Kirgisistan<\/button><button data-country=\"nicaragua\">Nicaragua<\/button><button data-country=\"panama\">Panama<\/button><button data-country=\"turkei\">T\u00fcrkei<\/button><\/div><div class=\"activities-grid-responsive filter-active\">                <article class=\"activities kirgisistan post-9940 activland_activities type-activland_activities status-publish has-post-thumbnail hentry destination_country-kirgisistan trip_category-4x4-ausfluge continent-asien\" >\n                    <div class=\"activities-inner\">\n                        <div class=\"activities-post-thumbnail video-bg-active\" \n                             style=\"background-image:url('https:\/\/nomads4x4.eu\/wp-content\/uploads\/2021\/08\/glowne-3-scaled-e1645465988261.jpg');\" \n                             data-video=\"https:\/\/nomads4x4.eu\/wp-content\/uploads\/2026\/01\/WYPRAWA-IGRZYSKA-NOMADOW-KIRGISTAN-niska.mp4\">\n                                                        <div class=\"overlay\"><\/div>\n                        <\/div>\n                        <div class=\"activities-content\">\n                            <div class=\"content-inner\">\n                                <h3 class=\"title\"><a href=\"https:\/\/nomads4x4.eu\/de\/kirgisistan\/4x4-ausfluge\/world-nomad-games-kirgisistan-expedition\/\" rel=\"bookmark\">World Nomad Games Kirgisistan-Expedition<\/a><\/h3>                                <div class=\"description\">Die World Nomad Games finden Anfang September in Kirgisistan statt.<\/div>\n                                <div class=\"meta\">\n                                    <ul>\n                                        <li><i class=\"activland-icon-account\"><\/i><span>5-Sitzer-Autos<\/span><\/li>                                        <li><i class=\"activland-icon-clock\"><\/i><span>12 Tage Tage<\/span><\/li>                                        <li><i class=\"activland-icon-money\"><\/i><span>Preis ab 700 \u20ac<\/span><\/li>                                    <\/ul>\n                                <\/div>\n                                <a class=\"button-more-link\" href=\"https:\/\/nomads4x4.eu\/de\/kirgisistan\/4x4-ausfluge\/world-nomad-games-kirgisistan-expedition\/\">Entdecken<\/a>\n                            <\/div>\n                        <\/div>\n                    <\/div>\n                <\/article>\n                                <article class=\"activities kirgisistan post-9969 activland_activities type-activland_activities status-publish has-post-thumbnail hentry destination_country-kirgisistan trip_category-4x4-ausfluge continent-asien\" >\n                    <div class=\"activities-inner\">\n                        <div class=\"activities-post-thumbnail video-bg-active\" \n                             style=\"background-image:url('https:\/\/nomads4x4.eu\/wp-content\/uploads\/2025\/11\/Ala-Archa_mini-2.jpg');\" \n                             data-video=\"https:\/\/nomads4x4.eu\/wp-content\/uploads\/2026\/01\/WYPRAWA-KIRGISTAN-W-KOLORZE-BRAZU-niska.mp4\">\n                                                        <div class=\"overlay\"><\/div>\n                        <\/div>\n                        <div class=\"activities-content\">\n                            <div class=\"content-inner\">\n                                <h3 class=\"title\"><a href=\"https:\/\/nomads4x4.eu\/de\/kirgisistan\/4x4-ausfluge\/expedition-kirgisistan-in-brauntoenen\/\" rel=\"bookmark\">Expedition Kirgisistan in Braunt\u00f6nen<\/a><\/h3>                                <div class=\"description\">Kirgisistan in Braunt\u00f6nen ist ein 4&#215;4-Abenteuer, bei dem wir das herbstliche Kirgisistan bewundern und die wahre Freiheit des Fahrens durch die Wildnis Zentralasiens sp\u00fcren werden!\n<\/div>\n                                <div class=\"meta\">\n                                    <ul>\n                                        <li><i class=\"activland-icon-account\"><\/i><span>5-Sitzer-Autos<\/span><\/li>                                        <li><i class=\"activland-icon-clock\"><\/i><span>10 Tage Tage<\/span><\/li>                                        <li><i class=\"activland-icon-money\"><\/i><span>Preis ab 700 \u20ac<\/span><\/li>                                    <\/ul>\n                                <\/div>\n                                <a class=\"button-more-link\" href=\"https:\/\/nomads4x4.eu\/de\/kirgisistan\/4x4-ausfluge\/expedition-kirgisistan-in-brauntoenen\/\">Entdecken<\/a>\n                            <\/div>\n                        <\/div>\n                    <\/div>\n                <\/article>\n                                <article class=\"activities georgien turkei post-9951 activland_activities type-activland_activities status-publish has-post-thumbnail hentry destination_country-georgien destination_country-turkei trip_category-4x4-ausfluge continent-asien\" >\n                    <div class=\"activities-inner\">\n                        <div class=\"activities-post-thumbnail video-bg-active\" \n                             style=\"background-image:url('https:\/\/nomads4x4.eu\/wp-content\/uploads\/2025\/11\/tabatskuri-kapiel.webp');\" \n                             data-video=\"https:\/\/nomads4x4.eu\/wp-content\/uploads\/2026\/01\/WYPRAWA-GRUZJA-KAPADOCJA-niska.mp4\">\n                                                        <div class=\"overlay\"><\/div>\n                        <\/div>\n                        <div class=\"activities-content\">\n                            <div class=\"content-inner\">\n                                <h3 class=\"title\"><a href=\"https:\/\/nomads4x4.eu\/de\/georgien\/4x4-ausfluge\/expedition-georgien-kappadokien\/\" rel=\"bookmark\">Expedition Georgien-Kappadokien<\/a><\/h3>                                <div class=\"description\">Georgien \u2013 Kappadokien ist eine Reise, bei der wir uns auf 4&#215;4 in Kappadokien konzentrieren werden, aber es wird auch viele georgische Berge geben.<\/div>\n                                <div class=\"meta\">\n                                    <ul>\n                                        <li><i class=\"activland-icon-account\"><\/i><span>5-Sitzer-Autos<\/span><\/li>                                        <li><i class=\"activland-icon-clock\"><\/i><span>10 Tage Tage<\/span><\/li>                                        <li><i class=\"activland-icon-money\"><\/i><span>Preis ab 599 \u20ac<\/span><\/li>                                    <\/ul>\n                                <\/div>\n                                <a class=\"button-more-link\" href=\"https:\/\/nomads4x4.eu\/de\/georgien\/4x4-ausfluge\/expedition-georgien-kappadokien\/\">Entdecken<\/a>\n                            <\/div>\n                        <\/div>\n                    <\/div>\n                <\/article>\n                                <article class=\"activities kirgisistan post-9982 activland_activities type-activland_activities status-publish has-post-thumbnail hentry destination_country-kirgisistan trip_category-4x4-ausfluge continent-asien\" >\n                    <div class=\"activities-inner\">\n                        <div class=\"activities-post-thumbnail video-bg-active\" \n                             style=\"background-image:url('https:\/\/nomads4x4.eu\/wp-content\/uploads\/2025\/11\/jezioro-issyk-kul_mini-1-1.jpg');\" \n                             data-video=\"https:\/\/nomads4x4.eu\/wp-content\/uploads\/2026\/01\/Kirgistan-Rodzinny-niska.mp4\">\n                                                        <div class=\"overlay\"><\/div>\n                        <\/div>\n                        <div class=\"activities-content\">\n                            <div class=\"content-inner\">\n                                <h3 class=\"title\"><a href=\"https:\/\/nomads4x4.eu\/de\/kirgisistan\/4x4-ausfluge\/familienausflug-nach-kirgisistan\/\" rel=\"bookmark\">Familienausflug nach Kirgisistan<\/a><\/h3>                                <div class=\"description\">Diese 4&#215;4-Expedition ist speziell f\u00fcr Familien gedacht. M\u00f6chten Sie einen wundersch\u00f6nen Urlaub mit Ihren Kindern verbringen?  <\/div>\n                                <div class=\"meta\">\n                                    <ul>\n                                        <li><i class=\"activland-icon-account\"><\/i><span>5-Sitzer-Autos<\/span><\/li>                                        <li><i class=\"activland-icon-clock\"><\/i><span>10 Tage Tage<\/span><\/li>                                        <li><i class=\"activland-icon-money\"><\/i><span>Preis ab 800 \u20ac<\/span><\/li>                                    <\/ul>\n                                <\/div>\n                                <a class=\"button-more-link\" href=\"https:\/\/nomads4x4.eu\/de\/kirgisistan\/4x4-ausfluge\/familienausflug-nach-kirgisistan\/\">Entdecken<\/a>\n                            <\/div>\n                        <\/div>\n                    <\/div>\n                <\/article>\n                                <article class=\"activities georgien post-9995 activland_activities type-activland_activities status-publish has-post-thumbnail hentry destination_country-georgien trip_category-4x4-ausfluge continent-asien\" >\n                    <div class=\"activities-inner\">\n                        <div class=\"activities-post-thumbnail video-bg-active\" \n                             style=\"background-image:url('https:\/\/nomads4x4.eu\/wp-content\/uploads\/2025\/11\/telawi.webp');\" \n                             data-video=\"https:\/\/nomads4x4.eu\/wp-content\/uploads\/2026\/01\/GRUZJA-DLA-TWARDZIELI-1-niska.mp4\">\n                                                        <div class=\"overlay\"><\/div>\n                        <\/div>\n                        <div class=\"activities-content\">\n                            <div class=\"content-inner\">\n                                <h3 class=\"title\"><a href=\"https:\/\/nomads4x4.eu\/de\/georgien\/4x4-ausfluge\/georgia-expedition-for-tough-guys\/\" rel=\"bookmark\">Georgia Expedition for Tough Guys<\/a><\/h3>                                <div class=\"description\">Georgien f\u00fcr harte Kerle \u2013 Omalo oder Vazhlovani Park. Ein echtes Vergn\u00fcgen f\u00fcr Offroad-Fans.  <\/div>\n                                <div class=\"meta\">\n                                    <ul>\n                                        <li><i class=\"activland-icon-account\"><\/i><span>5-Sitzer-Autos<\/span><\/li>                                        <li><i class=\"activland-icon-clock\"><\/i><span>7 days Tage<\/span><\/li>                                        <li><i class=\"activland-icon-money\"><\/i><span>Preis ab 479 \u20ac<\/span><\/li>                                    <\/ul>\n                                <\/div>\n                                <a class=\"button-more-link\" href=\"https:\/\/nomads4x4.eu\/de\/georgien\/4x4-ausfluge\/georgia-expedition-for-tough-guys\/\">Entdecken<\/a>\n                            <\/div>\n                        <\/div>\n                    <\/div>\n                <\/article>\n                                <article class=\"activities georgien post-10006 activland_activities type-activland_activities status-publish has-post-thumbnail hentry destination_country-georgien trip_category-4x4-ausfluge continent-asien\" >\n                    <div class=\"activities-inner\">\n                        <div class=\"activities-post-thumbnail video-bg-active\" \n                             style=\"background-image:url('https:\/\/nomads4x4.eu\/wp-content\/uploads\/2025\/11\/martvilskie_kanony_edytowano-e1645466987767.jpg');\" \n                             data-video=\"https:\/\/nomads4x4.eu\/wp-content\/uploads\/2026\/01\/Gruzja-Rodzinna-niska.mp4\">\n                                                        <div class=\"overlay\"><\/div>\n                        <\/div>\n                        <div class=\"activities-content\">\n                            <div class=\"content-inner\">\n                                <h3 class=\"title\"><a href=\"https:\/\/nomads4x4.eu\/de\/georgien\/4x4-ausfluge\/familienausflug-nach-georgia\/\" rel=\"bookmark\">Familienausflug nach Georgia<\/a><\/h3>                                <div class=\"description\">Diese 4&#215;4-Expedition ist speziell f\u00fcr Familien gedacht. M\u00f6chten Sie einen wundersch\u00f6nen Urlaub mit Ihren Kindern verbringen?  <\/div>\n                                <div class=\"meta\">\n                                    <ul>\n                                        <li><i class=\"activland-icon-account\"><\/i><span>5-Sitzer-Autos<\/span><\/li>                                        <li><i class=\"activland-icon-clock\"><\/i><span>7 days Tage<\/span><\/li>                                        <li><i class=\"activland-icon-money\"><\/i><span>Preis ab 399 \u20ac<\/span><\/li>                                    <\/ul>\n                                <\/div>\n                                <a class=\"button-more-link\" href=\"https:\/\/nomads4x4.eu\/de\/georgien\/4x4-ausfluge\/familienausflug-nach-georgia\/\">Entdecken<\/a>\n                            <\/div>\n                        <\/div>\n                    <\/div>\n                <\/article>\n                <\/div><\/p>\t\t\t\t\t\t\t\t<\/div>\n\t\t\t\t\t<\/div>\n\t\t<\/div>\n\t\t\t\t\t<\/div>\n\t\t<\/section>\n\t\t\t\t<\/div>\n\t\t","protected":false},"excerpt":{"rendered":"<p>Nachfolgend finden Sie eine Liste aller unserer Angebote<\/p>\n","protected":false},"author":1,"featured_media":0,"parent":0,"menu_order":0,"comment_status":"closed","ping_status":"closed","template":"","meta":{"_acf_changed":false,"footnotes":""},"class_list":["post-9836","page","type-page","status-publish","hentry"],"acf":[],"_links":{"self":[{"href":"https:\/\/nomads4x4.eu\/de\/wp-json\/wp\/v2\/pages\/9836","targetHints":{"allow":["GET"]}}],"collection":[{"href":"https:\/\/nomads4x4.eu\/de\/wp-json\/wp\/v2\/pages"}],"about":[{"href":"https:\/\/nomads4x4.eu\/de\/wp-json\/wp\/v2\/types\/page"}],"author":[{"embeddable":true,"href":"https:\/\/nomads4x4.eu\/de\/wp-json\/wp\/v2\/users\/1"}],"replies":[{"embeddable":true,"href":"https:\/\/nomads4x4.eu\/de\/wp-json\/wp\/v2\/comments?post=9836"}],"version-history":[{"count":4,"href":"https:\/\/nomads4x4.eu\/de\/wp-json\/wp\/v2\/pages\/9836\/revisions"}],"predecessor-version":[{"id":9842,"href":"https:\/\/nomads4x4.eu\/de\/wp-json\/wp\/v2\/pages\/9836\/revisions\/9842"}],"wp:attachment":[{"href":"https:\/\/nomads4x4.eu\/de\/wp-json\/wp\/v2\/media?parent=9836"}],"curies":[{"name":"wp","href":"https:\/\/api.w.org\/{rel}","templated":true}]}}