{"id":9917,"date":"2025-11-18T16:28:51","date_gmt":"2025-11-18T16:28:51","guid":{"rendered":"https:\/\/nomads4x4.staging.seodev.agency\/datenschutzerklaerung\/"},"modified":"2026-03-31T12:50:47","modified_gmt":"2026-03-31T12:50:47","slug":"datenschutzerklaerung","status":"publish","type":"page","link":"https:\/\/nomads4x4.eu\/de\/datenschutzerklaerung\/","title":{"rendered":"Datenschutzerkl\u00e4rung"},"content":{"rendered":"\n<h2 class=\"wp-block-heading\"><strong>1. Verantwortlicher f\u00fcr personenbezogene Daten<\/strong><\/h2>\n\n\n\n<p>Der Verwalter der personenbezogenen Daten der Nutzer der Website Nomads4x4 ist das Unternehmen, das die Website Nomads4x4 betreibt (im Folgenden: \u201eVerwalter\u201c).<br>Die Kontaktdaten des Administrators finden Sie auf der Website unter der Registerkarte \u201eKontakt\u201c.<\/p>\n\n\n\n<h2 class=\"wp-block-heading\"><strong>2. Umfang der Datenverarbeitung<\/strong><\/h2>\n\n\n\n<p>Je nachdem, wie Sie die Website nutzen, k\u00f6nnen wir folgende Daten verarbeiten:<\/p>\n\n\n\n<ul class=\"wp-block-list\">\n<li>Vor- und Nachname,<\/li>\n\n\n\n<li>E-Mail-Adresse,<\/li>\n\n\n\n<li>Telefonnummer,<\/li>\n\n\n\n<li>Inhalt der \u00fcber das Formular gesendeten Nachrichten,<\/li>\n\n\n\n<li>Daten im Zusammenhang mit Reisebuchungen (z. B. Daten, Anzahl der Teilnehmer),<\/li>\n\n\n\n<li>Informationen, die automatisch vom Ger\u00e4t des Benutzers gesendet werden (IP-Adresse, Browsertyp, Daten \u00fcber Aktivit\u00e4ten auf der Website).<\/li>\n<\/ul>\n\n\n\n<p>Die Bereitstellung von Daten ist freiwillig, kann jedoch in einigen F\u00e4llen f\u00fcr die Erbringung einer bestimmten Dienstleistung erforderlich sein.<\/p>\n\n\n\n<h2 class=\"wp-block-heading\"><strong>3. Zwecke und Rechtsgrundlagen der Datenverarbeitung<\/strong><\/h2>\n\n\n\n<p>Wir verarbeiten personenbezogene Daten von Nutzern zu folgenden Zwecken:<\/p>\n\n\n\n<h3 class=\"wp-block-heading\"><strong>1. Kontaktaufnahme mit dem Nutzer<\/strong><\/h3>\n\n\n\n<p>\u2013 Beantwortung einer Anfrage,<br>\u2013 Ausf\u00fcllen eines Kontaktformulars oder einer Reservierung.<br><strong>Rechtsgrundlage:<\/strong> Artikel 6 Absatz 1 Buchstabe b der DSGVO (Erf\u00fcllung eines Vertrags oder Durchf\u00fchrung vorvertraglicher Ma\u00dfnahmen).<\/p>\n\n\n\n<h3 class=\"wp-block-heading\"><strong>2. Bereitstellung von Nomads4x4-Dienstleistungen (z. B. Buchung von Reisen)<\/strong><\/h3>\n\n\n\n<p>\u2013 Bearbeitung von Reiseanmeldungen,<br>\u2013 organisatorischer Kontakt.<br><strong>Rechtsgrundlage:<\/strong> Artikel 6 Absatz 1 Buchstabe b der DSGVO.<\/p>\n\n\n\n<h3 class=\"wp-block-heading\"><strong>3. Marketing- und Analyseaktivit\u00e4ten<\/strong><\/h3>\n\n\n\n<p>\u2013 Verwendung von Tools wie Google Analytics, Meta Pixel, Google\/Meta-Anzeigen.<br>Rechtsgrundlage: Artikel 6 Absatz 1 Buchstabe f der DSGVO (berechtigtes Interesse des Verantwortlichen).<\/p>\n\n\n\n<p>\u2013 Newsletter-Service (falls vorhanden)<\/p>\n\n\n\n<h3 class=\"wp-block-heading\"><strong>4. Newsletter-Service (falls zutreffend)<\/strong><\/h3>\n\n\n\n<p>\u2013 Versand von Informationen \u00fcber neue Expeditionen und Angebote.<br>Grundlage: Einwilligung des Nutzers (Artikel 6 Absatz 1 Buchstabe a DSGVO).<\/p>\n\n\n\n<h3 class=\"wp-block-heading\"><strong>5. Zahlungsabwicklung (falls zutreffend)<\/strong><\/h3>\n\n\n\n<p>\u2013 \u00dcbermittlung von Daten an Zahlungsdienstleister.<br><strong>Rechtsgrundlage:<\/strong> Artikel 6 Absatz 1 Buchstabe b der DSGVO.<\/p>\n\n\n\n<h2 class=\"wp-block-heading\"><strong>4. Empf\u00e4nger personenbezogener Daten<\/strong><\/h2>\n\n\n\n<p>Benutzerdaten k\u00f6nnen \u00fcbertragen werden an:<\/p>\n\n\n\n<ul class=\"wp-block-list\">\n<li>Hosting-Unternehmen,<\/li>\n\n\n\n<li>Analytik-Anbieter (z. B. Google),<\/li>\n\n\n\n<li>Marketingdienstleister (z. B. Meta),<\/li>\n\n\n\n<li>Zahlungsdienstleister (falls zutreffend),<\/li>\n\n\n\n<li>Einrichtungen, die den Betrieb der Website oder die Kommunikation unterst\u00fctzen.<\/li>\n<\/ul>\n\n\n\n<p>Die Daten werden nicht verkauft oder unbefugten Stellen zug\u00e4nglich gemacht.<\/p>\n\n\n\n<h2 class=\"wp-block-heading\"><strong>5. \u00dcbermittlung von Daten au\u00dferhalb der Europ\u00e4ischen Union<\/strong><\/h2>\n\n\n\n<p>Einige auf der Website verwendete Tools (z. B. Google, Meta) k\u00f6nnen Daten au\u00dferhalb des Europ\u00e4ischen Wirtschaftsraums verarbeiten.<br>Die Daten\u00fcbermittlung erfolgt auf der Grundlage geeigneter Garantien gem\u00e4\u00df der DSGVO, wie z. B. Standardvertragsklauseln.<\/p>\n\n\n\n<h2 class=\"wp-block-heading\"><strong>6. Aufbewahrungsfrist f\u00fcr Daten<\/strong><\/h2>\n\n\n\n<p>Wir speichern personenbezogene Daten:<\/p>\n\n\n\n<ul class=\"wp-block-list\">\n<li>f\u00fcr den Zeitraum, der zur Erbringung der Dienstleistung oder zur Kontaktaufnahme erforderlich ist,<\/li>\n\n\n\n<li>f\u00fcr die Dauer der Einwilligung (Newsletter),<\/li>\n\n\n\n<li>f\u00fcr die gesetzlich vorgeschriebene Dauer (z. B. Buchhaltung),<\/li>\n\n\n\n<li>f\u00fcr den zur Sicherung der Anspr\u00fcche erforderlichen Zeitraum.<\/li>\n<\/ul>\n\n\n\n<p>Nach Ablauf dieser Frist werden die Daten gel\u00f6scht oder anonymisiert.<\/p>\n\n\n\n<h2 class=\"wp-block-heading\"><strong>7. Benutzerrechte<\/strong><\/h2>\n\n\n\n<p>Jeder Nutzer hat das Recht auf:<\/p>\n\n\n\n<ul class=\"wp-block-list\">\n<li>auf ihre Daten zugreifen,<\/li>\n\n\n\n<li>Daten berichtigen,<\/li>\n\n\n\n<li>Daten l\u00f6schen (\u201eRecht auf Vergessenwerden\u201c),<\/li>\n\n\n\n<li>die Verarbeitung einschr\u00e4nken,<\/li>\n\n\n\n<li>ihre Daten \u00fcbertragen,<\/li>\n\n\n\n<li>Widerspruch gegen die Verarbeitung einlegen,<\/li>\n\n\n\n<li>die Einwilligung widerrufen (wenn die Einwilligung die Grundlage f\u00fcr die Verarbeitung war).<\/li>\n<\/ul>\n\n\n\n<p>Um die oben genannten Rechte auszu\u00fcben, wenden Sie sich bitte an den Administrator.<\/p>\n\n\n\n<p>In Angelegenheiten, die den Schutz personenbezogener Daten betreffen, kontaktieren Sie uns bitte \u00fcber das Formular auf der Website Nomads4x4.<\/p>\n\n\n\n<h2 class=\"wp-block-heading\"><strong>8. Cookies<\/strong><\/h2>\n\n\n\n<p>Die Website verwendet Cookies f\u00fcr folgende Zwecke:<\/p>\n\n\n\n<ul class=\"wp-block-list\">\n<li>um das ordnungsgem\u00e4\u00dfe Funktionieren der Website sicherzustellen,<\/li>\n\n\n\n<li>den Website-Traffic zu analysieren,<\/li>\n\n\n\n<li>Statistiken erstellen,<\/li>\n\n\n\n<li>Marketing- und Remarketing-Aktivit\u00e4ten.<\/li>\n<\/ul>\n\n\n\n<p>Der Nutzer kann die Cookie-Einstellungen in seinem Browser jederzeit \u00e4ndern.<\/p>\n\n\n\n<div class=\"wpconsent-cookie-policy\"><h2 class=\"wpconsent-cookie-category-name\">Essential<\/h2><p class=\"wpconsent-cookie-category-description\">Essential cookies enable basic functions and are necessary for the proper function of the website.<\/p><h3 class=\"wpconsent-cookie-service-name\">Login<\/h3><p class=\"wpconsent-cookie-service-description\">These cookies are used for managing login functionality on this website.<\/p><table class=\"wpconsent-cookie-policy-table\"><tr><th>Name<\/th><th>Description<\/th><th>Duration<\/th><\/tr><tr><td>wordpress_logged_in<\/td><td>Used to store logged-in users.<\/td><td>Persistent<\/td><\/tr><tr><td>wordpress_sec<\/td><td>Used to track the user across multiple sessions.<\/td><td>15 days<\/td><\/tr><tr><td>wordpress_test_cookie<\/td><td>Used to determine if cookies are enabled.<\/td><td>Session<\/td><\/tr><\/table><\/div>\n\n\n\n<h2 class=\"wp-block-heading\"><strong>9. Analyse- und Marketing-Tools<\/strong><\/h2>\n\n\n\n<p>Folgendes darf auf der Website verwendet werden:<\/p>\n\n\n\n<ul class=\"wp-block-list\">\n<li>Google Analytics,<\/li>\n\n\n\n<li>Google Ads,<\/li>\n\n\n\n<li>Meta Pixel,<\/li>\n\n\n\n<li>Google Maps,<\/li>\n\n\n\n<li>Website-Optimierungstools (z. B. Hotjar).<\/li>\n<\/ul>\n\n\n\n<p>Diese Tools k\u00f6nnen Daten \u00fcber die Aktivit\u00e4ten der Nutzer sammeln und anonyme statistische Profile erstellen.<\/p>\n\n\n\n<h2 class=\"wp-block-heading\"><strong>10. Data security<\/strong><\/h2>\n\n\n\n<p>The administrator uses appropriate technical and organizational measures to protect data against:<\/p>\n\n\n\n<ul class=\"wp-block-list\">\n<li>unbefugter Zugriff,<\/li>\n\n\n\n<li>Verlust,<\/li>\n\n\n\n<li>Schaden,<\/li>\n\n\n\n<li>unbefugte \u00c4nderung.<\/li>\n<\/ul>\n\n\n\n<h2 class=\"wp-block-heading\"><strong>11. \u00c4nderungen der Datenschutzerkl\u00e4rung<\/strong><\/h2>\n\n\n\n<p>Die Richtlinie kann entsprechend den Erfordernissen der Weiterentwicklung der Website oder aufgrund gesetzlicher \u00c4nderungen aktualisiert werden.<br>Die aktuelle Version ist stets auf der Website von Nomads4x4 verf\u00fcgbar.<\/p>\n\n\n\n<h2 class=\"wp-block-heading\"><strong>12. Kontakt<\/strong><\/h2>\n\n\n\n<p>For matters related to personal data protection, please contact us using the form available on the Nomads4x4 website.<\/p>\n","protected":false},"excerpt":{"rendered":"<p>1. Verantwortlicher f\u00fcr personenbezogene Daten Der Verwalter der personenbezogenen Daten der Nutzer der Website Nomads4x4 ist das Unternehmen, das die Website Nomads4x4 betreibt (im Folgenden: \u201eVerwalter\u201c).Die Kontaktdaten des Administrators finden Sie auf der Website unter der Registerkarte \u201eKontakt\u201c. 2. Umfang der Datenverarbeitung Je nachdem, wie Sie die Website nutzen, k\u00f6nnen wir folgende Daten verarbeiten: Die [&hellip;]<\/p>\n","protected":false},"author":1,"featured_media":0,"parent":0,"menu_order":0,"comment_status":"closed","ping_status":"closed","template":"","meta":{"_acf_changed":false,"footnotes":""},"class_list":["post-9917","page","type-page","status-publish","hentry"],"acf":[],"_links":{"self":[{"href":"https:\/\/nomads4x4.eu\/de\/wp-json\/wp\/v2\/pages\/9917","targetHints":{"allow":["GET"]}}],"collection":[{"href":"https:\/\/nomads4x4.eu\/de\/wp-json\/wp\/v2\/pages"}],"about":[{"href":"https:\/\/nomads4x4.eu\/de\/wp-json\/wp\/v2\/types\/page"}],"author":[{"embeddable":true,"href":"https:\/\/nomads4x4.eu\/de\/wp-json\/wp\/v2\/users\/1"}],"replies":[{"embeddable":true,"href":"https:\/\/nomads4x4.eu\/de\/wp-json\/wp\/v2\/comments?post=9917"}],"version-history":[{"count":5,"href":"https:\/\/nomads4x4.eu\/de\/wp-json\/wp\/v2\/pages\/9917\/revisions"}],"predecessor-version":[{"id":10347,"href":"https:\/\/nomads4x4.eu\/de\/wp-json\/wp\/v2\/pages\/9917\/revisions\/10347"}],"wp:attachment":[{"href":"https:\/\/nomads4x4.eu\/de\/wp-json\/wp\/v2\/media?parent=9917"}],"curies":[{"name":"wp","href":"https:\/\/api.w.org\/{rel}","templated":true}]}}